{"id":265,"date":"2023-04-21T11:46:20","date_gmt":"2023-04-21T09:46:20","guid":{"rendered":"https:\/\/hectorplast.de\/impronta\/"},"modified":"2023-04-25T09:47:50","modified_gmt":"2023-04-25T07:47:50","slug":"impronta","status":"publish","type":"page","link":"https:\/\/hectorplast.de\/it\/impronta\/","title":{"rendered":"Impronta"},"content":{"rendered":"\t\t<div data-elementor-type=\"wp-page\" data-elementor-id=\"265\" class=\"elementor elementor-265 elementor-247\" data-elementor-post-type=\"page\">\n\t\t\t\t<div class=\"elementor-element elementor-element-5e7a016 e-flex e-con-boxed e-con e-parent\" data-id=\"5e7a016\" data-element_type=\"container\">\n\t\t\t\t\t<div class=\"e-con-inner\">\n\t\t\t\t<div class=\"elementor-element elementor-element-d396030 elementor-widget elementor-widget-text-editor\" data-id=\"d396030\" data-element_type=\"widget\" data-widget_type=\"text-editor.default\">\n\t\t\t\t<div class=\"elementor-widget-container\">\n\t\t\t\t\t\t\t\t\t<h1>Impronta<\/h1>\n<h2>Informazioni ai sensi del \u00a7 5 TMG<\/h2>\n<p>HectorPlast GmbH<br \/>Via Danubio 81<br \/>90451 Norimberga<\/p>\n<p><strong>Rappresentato da:<\/strong><br \/>Tobias Dr\u00f6ssler<\/p>\n<h2>Contatto<\/h2>\n<p>Telefono: + 49 (0) 911 \/ 311 561<br \/>Fax: + 49 (0) 911 \/ 328 330<br \/>E-mail: info@hectorplast.de<\/p>\n<h2>ID IVA<\/h2>\n<p>Numero di identificazione dell&#8217;imposta sulle vendite ai sensi del \u00a7 27 a della legge tedesca sull&#8217;imposta sulle vendite:<br \/>DE133509113<\/p>\n<h2>Risoluzione delle controversie nell&#8217;UE<\/h2>\n<p>La Commissione europea offre una piattaforma per la risoluzione delle controversie online (ODR): <a href=\"https:\/\/ec.europa.eu\/consumers\/odr\/\" target=\"_blank\" rel=\"noopener noreferrer\">https:\/\/ec.europa.eu\/consumers\/odr\/.<\/a><br \/>Il nostro indirizzo e-mail \u00e8 riportato nel riquadro in alto.<\/p>\n<h2>Risoluzione delle controversie dei consumatori\/Consiglio arbitrale universale<\/h2>\n<p>Non siamo disposti o obbligati a partecipare a procedure di risoluzione delle controversie davanti a un collegio arbitrale dei consumatori.<\/p>\n<h4>Foto e video: <a href=\"mailto:Rosa.kufner@hectorplast.de\">Rosa-Maria Kufner<\/a> e Daniel Haberer<br \/>Progettazione e impaginazione: <a href=\"mailto:Rosa.kufner@hectorplast.de\">Rosa-Maria Kufner<\/a><br \/>Realizzazione tecnica:<a href=\"https:\/\/mbits-nassenfels.de\"> Martin Bauer<\/a><\/h4>\n<div class=\"et_pb_module et_pb_code et_pb_code_1\">\n<div class=\"et_pb_code_inner\">\n<h2> <\/h2>\n<h2>Dichiarazione di non responsabilit\u00e0<\/h2>\n<h3>Responsabilit\u00e0 per i contenuti<\/h3>\n<p>In qualit\u00e0 di fornitore di servizi, siamo, in conformit\u00e0 con il \u00a7 7 Para. 1 TMG \u00e8 responsabile dei propri contenuti su queste pagine in conformit\u00e0 alle leggi generali. Ai sensi dei \u00a7\u00a7 8-10 TMG, tuttavia, non siamo obbligati, in qualit\u00e0 di fornitore di servizi, a monitorare le informazioni trasmesse o memorizzate da terzi o a indagare su circostanze che indicano un&#8217;attivit\u00e0 illegale.<\/p>\n<p>L&#8217;obbligo di rimuovere o bloccare l&#8217;uso delle informazioni in conformit\u00e0 alle leggi generali rimane inalterato. Tuttavia, la responsabilit\u00e0 in questo senso \u00e8 possibile solo a partire dal momento in cui si viene a conoscenza di una violazione concreta. Se veniamo a conoscenza di tali violazioni, rimuoveremo immediatamente i contenuti.<\/p>\n<h3>Responsabilit\u00e0 per i link<\/h3>\n<p>La nostra offerta contiene link a siti web esterni di terzi, sui cui contenuti non abbiamo alcuna influenza. Pertanto, non possiamo assumerci alcuna responsabilit\u00e0 per questi contenuti esterni. Il rispettivo fornitore o gestore delle pagine \u00e8 sempre responsabile del contenuto delle pagine collegate. Le pagine collegate sono state controllate per verificare eventuali violazioni legali al momento del collegamento. I contenuti illegali non erano riconoscibili al momento del collegamento. Tuttavia, un controllo permanente dei contenuti delle pagine collegate non \u00e8 ragionevole senza indicazioni concrete di una violazione della legge. Se veniamo a conoscenza di eventuali violazioni della legge, rimuoveremo immediatamente tali link.<\/p>\n<h3>Copyright<\/h3>\n<p>I contenuti e le opere create dagli operatori del sito su queste pagine sono soggetti alla legge tedesca sul diritto d&#8217;autore. La riproduzione, la modifica, la distribuzione e qualsiasi tipo di utilizzo al di fuori dei limiti della legge sul copyright richiedono il consenso scritto del rispettivo autore o creatore. Sono consentiti download e copie di questa pagina solo per uso privato e non commerciale. Nella misura in cui i contenuti di questa pagina non sono stati creati dal gestore, si rispettano i diritti d&#8217;autore di terzi. In particolare, i contenuti di terzi sono identificati come tali. Se tuttavia doveste venire a conoscenza di una violazione del copyright, vi preghiamo di informarci di conseguenza. Se veniamo a conoscenza di eventuali violazioni, rimuoveremo immediatamente tali contenuti.<\/p>\n<\/div>\n<\/div>\n\t\t\t\t\t\t\t\t<\/div>\n\t\t\t\t<\/div>\n\t\t\t\t\t<\/div>\n\t\t\t\t<\/div>\n\t\t\t\t<\/div>\n\t\t","protected":false},"excerpt":{"rendered":"<p>Impronta Informazioni ai sensi del \u00a7 5 TMG HectorPlast GmbHVia Danubio 8190451 Norimberga Rappresentato da:Tobias Dr\u00f6ssler Contatto Telefono: + 49 (0) 911 \/ 311 561Fax: + 49 (0) 911 \/ 328 330E-mail: info@hectorplast.de ID IVA Numero di identificazione dell&#8217;imposta sulle vendite ai sensi del \u00a7 27 a della legge tedesca sull&#8217;imposta sulle vendite:DE133509113 Risoluzione delle [&hellip;]<\/p>\n","protected":false},"author":1,"featured_media":0,"parent":0,"menu_order":0,"comment_status":"closed","ping_status":"closed","template":"","meta":{"_seopress_robots_primary_cat":"","_seopress_titles_title":"","_seopress_titles_desc":"","_seopress_robots_index":"s\u00ec","ocean_post_layout":"","ocean_both_sidebars_style":"","ocean_both_sidebars_content_width":0,"ocean_both_sidebars_sidebars_width":0,"ocean_sidebar":"0","ocean_second_sidebar":"0","ocean_disable_margins":"enable","ocean_add_body_class":"","ocean_shortcode_before_top_bar":"","ocean_shortcode_after_top_bar":"","ocean_shortcode_before_header":"","ocean_shortcode_after_header":"","ocean_has_shortcode":"","ocean_shortcode_after_title":"","ocean_shortcode_before_footer_widgets":"","ocean_shortcode_after_footer_widgets":"","ocean_shortcode_before_footer_bottom":"","ocean_shortcode_after_footer_bottom":"","ocean_display_top_bar":"default","ocean_display_header":"default","ocean_header_style":"","ocean_center_header_left_menu":"0","ocean_custom_header_template":"0","ocean_custom_logo":0,"ocean_custom_retina_logo":0,"ocean_custom_logo_max_width":0,"ocean_custom_logo_tablet_max_width":0,"ocean_custom_logo_mobile_max_width":0,"ocean_custom_logo_max_height":0,"ocean_custom_logo_tablet_max_height":0,"ocean_custom_logo_mobile_max_height":0,"ocean_header_custom_menu":"0","ocean_menu_typo_font_family":"0","ocean_menu_typo_font_subset":"","ocean_menu_typo_font_size":0,"ocean_menu_typo_font_size_tablet":0,"ocean_menu_typo_font_size_mobile":0,"ocean_menu_typo_font_size_unit":"px","ocean_menu_typo_font_weight":"","ocean_menu_typo_font_weight_tablet":"","ocean_menu_typo_font_weight_mobile":"","ocean_menu_typo_transform":"","ocean_menu_typo_transform_tablet":"","ocean_menu_typo_transform_mobile":"","ocean_menu_typo_line_height":0,"ocean_menu_typo_line_height_tablet":0,"ocean_menu_typo_line_height_mobile":0,"ocean_menu_typo_line_height_unit":"","ocean_menu_typo_spacing":0,"ocean_menu_typo_spacing_tablet":0,"ocean_menu_typo_spacing_mobile":0,"ocean_menu_typo_spacing_unit":"","ocean_menu_link_color":"","ocean_menu_link_color_hover":"","ocean_menu_link_color_active":"","ocean_menu_link_background":"","ocean_menu_link_hover_background":"","ocean_menu_link_active_background":"","ocean_menu_social_links_bg":"","ocean_menu_social_hover_links_bg":"","ocean_menu_social_links_color":"","ocean_menu_social_hover_links_color":"","ocean_disable_title":"default","ocean_disable_heading":"default","ocean_post_title":"","ocean_post_subheading":"","ocean_post_title_style":"","ocean_post_title_background_color":"","ocean_post_title_background":0,"ocean_post_title_bg_image_position":"","ocean_post_title_bg_image_attachment":"","ocean_post_title_bg_image_repeat":"","ocean_post_title_bg_image_size":"","ocean_post_title_height":0,"ocean_post_title_bg_overlay":0.5,"ocean_post_title_bg_overlay_color":"","ocean_disable_breadcrumbs":"default","ocean_breadcrumbs_color":"","ocean_breadcrumbs_separator_color":"","ocean_breadcrumbs_links_color":"","ocean_breadcrumbs_links_hover_color":"","ocean_display_footer_widgets":"default","ocean_display_footer_bottom":"default","ocean_custom_footer_template":"0","footnotes":""},"class_list":["post-265","page","type-page","status-publish","hentry","entry"],"_links":{"self":[{"href":"https:\/\/hectorplast.de\/it\/wp-json\/wp\/v2\/pages\/265","targetHints":{"allow":["GET"]}}],"collection":[{"href":"https:\/\/hectorplast.de\/it\/wp-json\/wp\/v2\/pages"}],"about":[{"href":"https:\/\/hectorplast.de\/it\/wp-json\/wp\/v2\/types\/page"}],"author":[{"embeddable":true,"href":"https:\/\/hectorplast.de\/it\/wp-json\/wp\/v2\/users\/1"}],"replies":[{"embeddable":true,"href":"https:\/\/hectorplast.de\/it\/wp-json\/wp\/v2\/comments?post=265"}],"version-history":[{"count":2,"href":"https:\/\/hectorplast.de\/it\/wp-json\/wp\/v2\/pages\/265\/revisions"}],"predecessor-version":[{"id":298,"href":"https:\/\/hectorplast.de\/it\/wp-json\/wp\/v2\/pages\/265\/revisions\/298"}],"wp:attachment":[{"href":"https:\/\/hectorplast.de\/it\/wp-json\/wp\/v2\/media?parent=265"}],"curies":[{"name":"wp","href":"https:\/\/api.w.org\/{rel}","templated":true}]}}